{"id":50,"date":"2022-11-24T15:42:09","date_gmt":"2022-11-24T14:42:09","guid":{"rendered":"https:\/\/www.glas-max.ch\/cms\/?page_id=50"},"modified":"2022-12-06T13:28:31","modified_gmt":"2022-12-06T12:28:31","slug":"ueberuns","status":"publish","type":"page","link":"https:\/\/www.glas-max.ch\/cms\/ueberuns\/","title":{"rendered":"\u00dcber uns"},"content":{"rendered":"\n<div id=\"wp-block-themeisle-blocks-advanced-columns-0a9fe7d2\" class=\"wp-block-themeisle-blocks-advanced-columns has-1-columns has-desktop-equal-layout has-tablet-equal-layout has-mobile-equal-layout has-vertical-unset\"><div class=\"wp-block-themeisle-blocks-advanced-columns-overlay\"><\/div><div class=\"innerblocks-wrap\">\n<div id=\"wp-block-themeisle-blocks-advanced-column-6b2d68f5\" class=\"wp-block-themeisle-blocks-advanced-column\"><style>#kt-layout-id_000b6c-0d > .kt-row-column-wrap{align-content:start;}:where(#kt-layout-id_000b6c-0d > .kt-row-column-wrap) > .wp-block-kadence-column{justify-content:start;}#kt-layout-id_000b6c-0d > .kt-row-column-wrap{column-gap:var(--global-kb-gap-md, 2rem);row-gap:var(--global-kb-gap-md, 2rem);padding-top:25px;padding-bottom:25px;padding-bottom:60px;grid-template-columns:minmax(0, 2fr) minmax(0, 1fr);}#kt-layout-id_000b6c-0d{background-color:rgba(48,167,129,0.2);}#kt-layout-id_000b6c-0d > .kt-row-layout-overlay{opacity:0.30;}@media all and (max-width: 1024px){#kt-layout-id_000b6c-0d > .kt-row-column-wrap{grid-template-columns:repeat(2, minmax(0, 1fr));}}@media all and (max-width: 767px){#kt-layout-id_000b6c-0d > .kt-row-column-wrap{grid-template-columns:minmax(0, 1fr);}}<\/style>\n<div class=\"wp-block-kadence-rowlayout alignfull\"><div id=\"kt-layout-id_000b6c-0d\" class=\"kt-row-layout-inner kt-row-has-bg kt-layout-id_000b6c-0d\"><div class=\"kt-row-column-wrap kt-has-2-columns kt-gutter-default kt-v-gutter-default kt-row-valign-top kt-row-layout-left-golden kt-tab-layout-inherit kt-m-colapse-left-to-right kt-mobile-layout-row\"><style>.kadence-column_f27956-86 > .kt-inside-inner-col{border-top-width:0px;border-right-width:0px;border-bottom-width:0px;border-left-width:0px;}.kadence-column_f27956-86 > .kt-inside-inner-col,.kadence-column_f27956-86 > .kt-inside-inner-col:before{border-top-left-radius:0px;border-top-right-radius:0px;border-bottom-right-radius:0px;border-bottom-left-radius:0px;}.kadence-column_f27956-86 > .kt-inside-inner-col:before{opacity:0.3;}.kadence-column_f27956-86{position:relative;}<\/style>\n<div class=\"wp-block-kadence-column inner-column-1 kadence-column_f27956-86\"><div class=\"kt-inside-inner-col\">\n<h2 class=\"wp-block-heading\">Familientradition: Dorfschreiner seit 1900<\/h2>\n\n\n\n<h4 class=\"wp-block-heading\">Rusterholz \u00abGlasmax\u00bb <\/h4>\n\n\n\n<h3 class=\"wp-block-heading\"><\/h3>\n\n\n\n<p>Hundert Jahre sind es, seit Karl Rusterholz seine Schreinerei an der Kreuzstrasse 3 in W\u00e4denswil errichtet hat. Die Familientradition wird heute durch seinen Enkel, Max Rusterholz bestens bekannt unter dem Markenzeichen \u00abGlas-Max\u00bb an der Seestrasse 151 weitergef\u00fchrt. Das Credo des soliden Handwerksbetriebs ist Qualit\u00e4t zur vollen Zufriedenheit der Kunden.<\/p>\n\n\n\n<p>Der 1875 geborene Karl Rusterholz erlernte den Schreinerberuf und sammelte seine Erfahrungen als Geselle auf der Walz. Er landete schliesslich in Colmar, wo er l\u00e4ngere Zeit arbeitete. \u00dcberzeugt davon, in fremden Landen alt t\u00fcchtiger Arbeiter gut zu verdienen, beauftragte er vor Antritt seiner Wanderschaft einen Architekten, bis zur Jahrhundertwende an der Kreuzstrasse ein Haus mit Werkstatt zu bauen. Der junge Handwerker hatte sich in den Kopf gesetzt, nach seiner R\u00fcckkehr eine eigene Schreinerei zu betreiben.<\/p>\n\n\n<style>.wp-block-kadence-spacer.kt-block-spacer-_58121e-9c .kt-block-spacer{height:50px;}.wp-block-kadence-spacer.kt-block-spacer-_58121e-9c .kt-divider{border-top-width:1px;height:1px;border-top-color:#eee;width:80%;border-top-style:solid;}<\/style>\n<div class=\"wp-block-kadence-spacer aligncenter kt-block-spacer-_58121e-9c\"><div class=\"kt-block-spacer kt-block-spacer-halign-center\"><\/div><\/div>\n\n\n\n<h4 class=\"wp-block-heading\">Selber Herr und Meister sein<\/h4>\n\n\n\n<p>Mit dem Bau wurde 1898 begonnen. Als Karl Rusterholz im Jahr 1900 von Colmar zur\u00fcckkehrte war das Haus bis an den Innenausbau beendet. Allerdings war der Hausherr nicht nur von der Gr\u00f6sse des Hauses \u00fcberrascht, sondern auch von den Kosten. Auf jeden Fall war das Geld knapp, und er musste sich beim Fertigausbau \u00abnach der Decke strecken\u00bb. F\u00fcr einen sch\u00f6nen Parkettboden reichte das Geld nur noch in der Stube, in den anderen Zimmern musste man sich mit Tannenriemen-B\u00f6den begn\u00fcgen. Der Schreinereibetrieb wurde eingerichtet und liess sich recht gut an. Die auf der Walz gesammelten Erfahrungen des jungen Handwerksmeisters zahlten sich aus. Nachdem das Haus fertig erstellt war und der Betrieb aufgenommen werden konnte, gr\u00fcndete Karl Rusterholz eine Familie. Er heiratete eine aus der Nachbarschaft, dem Hause Gottlieb Heim an der Stegstrasse stammende Schreinertochter. Nachdem auch der Schwager von Karl Rusterholz den Schreinerberuf aus\u00fcbte, war ein breites Fundament f\u00fcr eine lange Familientradition gelegt.<\/p>\n\n\n<style>.wp-block-kadence-spacer.kt-block-spacer-_ffd6de-96 .kt-block-spacer{height:50px;}.wp-block-kadence-spacer.kt-block-spacer-_ffd6de-96 .kt-divider{border-top-width:1px;height:1px;border-top-color:#eee;width:80%;border-top-style:solid;}<\/style>\n<div class=\"wp-block-kadence-spacer aligncenter kt-block-spacer-_ffd6de-96\"><div class=\"kt-block-spacer kt-block-spacer-halign-center\"><\/div><\/div>\n\n\n\n<h4 class=\"wp-block-heading\">Gute Jahre nach Krieg und Krise<\/h4>\n\n\n\n<p>Die erfreuliche Entwicklung des Betriebes und die Zeit der finanziellen Erholung war von kurzer Dauer. Der Erste Weltkrieg (1914\u20131918) und die anschliessende Wirtschaftskrise bedeuten den steten Kampf um die Existenz. An diese \u00fcberaus schwere Zeit, in der wieder jeder Rappen zweimal umgedreht werden musste, schloss sich der Zweite Weltkrieg an, der erneut Probleme und Entbehrungen mit sich brachte. Nachher setzte dann aber gegen Ende der Vierzigerjahre ein Bauboom ein, von dem auch der Schreinereibetrieb profitieren konnte. Allerdings war daran nicht mehr der Gr\u00fcnder beteiligt, sondern bereits sein Sohn Carl Rusterholz, der 1946 das Gesch\u00e4ft \u00fcbernommen hatte.<\/p>\n\n\n\n<p>Nach 100 Jahren: \u00abGlas-Max\u00bb Max Rusterholz, der Enkel des Gr\u00fcnders, in seiner Werkstatt an der Seestrasse 151.<\/p>\n\n\n\n<p>Nebst allgemeinen Schreinerarbeiten hatte sich der Inhaber auf die Herstellung von Fenstern und Glaserarbeiten spezialisiert. Einer der gr\u00f6ssten Auftr\u00e4ge, so wusste Enkel Max Rusterholz zu berichten, seien anfangs der F\u00fcnfzigerjahre die neuen Kirchenb\u00e4nke in der reformierten Kirche W\u00e4denswil gewesen, die Carl Rusterholz im Rahmen einer Arbeitsgemeinschaft habe produzieren und montieren k\u00f6nnen. Im Jahr 1976 wurde der Betrieb bei einem weiteren Generationenwechsel in eine Aktiengesellschaft umgewandelt. Bei dieser Gelegenheit machte sich Max Rusterholz selbstst\u00e4ndig, nachdem er bis anhin bei seinem Vater gearbeitet hatte. Er \u00f6ffnete in B\u00e4ch eine eigene Schreinerwerkstatt. In dieser Eigenschaft \u00fcbernahm er oft Auftr\u00e4ge, vor allem Montagearbeiten, der Familien-AG in W\u00e4denswil.<\/p>\n\n\n<style>.wp-block-kadence-spacer.kt-block-spacer-_18212a-a2 .kt-block-spacer{height:50px;}.wp-block-kadence-spacer.kt-block-spacer-_18212a-a2 .kt-divider{border-top-width:1px;height:1px;border-top-color:#eee;width:80%;border-top-style:solid;}<\/style>\n<div class=\"wp-block-kadence-spacer aligncenter kt-block-spacer-_18212a-a2\"><div class=\"kt-block-spacer kt-block-spacer-halign-center\"><\/div><\/div>\n\n\n\n<h4 class=\"wp-block-heading\">\u00abGlas-Max\u00bb wird zum Markenzeichen<\/h4>\n\n\n\n<p>Als die W\u00e4denswiler Firma 1992 infolge Todesfalls des Inhabers Ihre T\u00e4tigkeiten aufgab, \u00fcbernahm Max Rusterholz deren Kunden und setzte die Familientradition fort. Sein Gesch\u00e4ftsdomizil verlegte er an die Seestrasse 151, wo er maschinell topmodern eingerichtet ist. Er ist nicht nur ein versierter und ideenreicher Kundenschreiner, sondern hat sich vor allem rund ums Glas zum Meister des Fachs entwickelt. Grossbetriebe h\u00e4tten oft kaum Zeit f\u00fcr Reparaturen oder individuelle Anpassungen, meinte Max Rusterholz. Da fand er eine Nische, in der er seine Gesch\u00e4ftsphilosophie praktizieren kann: schnell zur Stelle, exakte Arbeit und effiziente Abwicklung. Schnelle Eins\u00e4tze sind vor allem im Glasbereich wichtig. Fenster, die aus welchem Grund auch immer, in die Br\u00fcche gehen, m\u00fcssen sofort ersetzt werden. Das kann sogar mitten in der Nacht sein, wenn er von der Polizei nach einem Einbruch f\u00fcr eine Notverglasung aufgeboten wird. Max Rusterholz liebt seinen Beruf. Mit Freude geht er jeden Tag an seine Arbeit und hofft nat\u00fcrlich, dass das ehrbare Handwerk, das er aus\u00fcbt, wenn es Zeit ist einen Nachfolger aus seiner Familie findet, damit die Tradition auch in Zukunft fortgesetzt werden kann.<\/p>\n\n\n\n<figure class=\"wp-block-image size-full\"><img loading=\"lazy\" decoding=\"async\" width=\"750\" height=\"802\" src=\"https:\/\/www.glas-max.ch\/cms\/wp-content\/uploads\/2022\/11\/3_-max_rusterholz_mit_familie.jpg\" alt=\"\" class=\"wp-image-54\" srcset=\"https:\/\/www.glas-max.ch\/cms\/wp-content\/uploads\/2022\/11\/3_-max_rusterholz_mit_familie.jpg 750w, https:\/\/www.glas-max.ch\/cms\/wp-content\/uploads\/2022\/11\/3_-max_rusterholz_mit_familie-281x300.jpg 281w\" sizes=\"auto, (max-width: 750px) 100vw, 750px\" \/><\/figure>\n\n\n\n<p><em>Max Rusterholz mit Familie. Ob es aus der Einzelfirma einmal einen Familienbetrieb geben wird?<\/em><\/p>\n\n\n\n<a href=\"https:\/\/www.baukultur-waedenswil.ch\/anhang-jsw-2000-von-kurt-rohr.html\">Quelle: baukultur-waedenswil.ch <\/a>\n<\/div><\/div>\n\n\n<style>.kadence-column_5e63a3-5b > .kt-inside-inner-col{border-top-width:0px;border-right-width:0px;border-bottom-width:0px;border-left-width:0px;}.kadence-column_5e63a3-5b > .kt-inside-inner-col,.kadence-column_5e63a3-5b > .kt-inside-inner-col:before{border-top-left-radius:0px;border-top-right-radius:0px;border-bottom-right-radius:0px;border-bottom-left-radius:0px;}.kadence-column_5e63a3-5b > .kt-inside-inner-col:before{opacity:0.3;}.kadence-column_5e63a3-5b{position:relative;}<\/style>\n<div class=\"wp-block-kadence-column inner-column-2 kadence-column_5e63a3-5b\"><div class=\"kt-inside-inner-col\"><style>#kt-layout-id_899d16-b2 > .kt-row-column-wrap{align-content:start;}:where(#kt-layout-id_899d16-b2 > .kt-row-column-wrap) > .wp-block-kadence-column{justify-content:start;}#kt-layout-id_899d16-b2 > .kt-row-column-wrap{column-gap:var(--global-kb-gap-md, 2rem);row-gap:var(--global-kb-gap-md, 2rem);padding-top:25px;padding-bottom:25px;padding-top:var(--global-kb-spacing-sm, 1.5rem);padding-bottom:var(--global-kb-spacing-sm, 1.5rem);grid-template-columns:minmax(0, 1fr);}#kt-layout-id_899d16-b2 > .kt-row-layout-overlay{opacity:0.30;}@media all and (max-width: 1024px){#kt-layout-id_899d16-b2 > .kt-row-column-wrap{grid-template-columns:minmax(0, 1fr);}}@media all and (max-width: 767px){#kt-layout-id_899d16-b2 > .kt-row-column-wrap{grid-template-columns:minmax(0, 1fr);}}<\/style>\n<div class=\"wp-block-kadence-rowlayout alignnone\"><div id=\"kt-layout-id_899d16-b2\" class=\"kt-row-layout-inner kt-layout-id_899d16-b2\"><div class=\"kt-row-column-wrap kt-has-1-columns kt-gutter-default kt-v-gutter-default kt-row-valign-top kt-row-layout-equal kt-tab-layout-inherit kt-m-colapse-left-to-right kt-mobile-layout-row\"><style>.kadence-column_6a75fc-06 > .kt-inside-inner-col{border-top-width:0px;border-right-width:0px;border-bottom-width:0px;border-left-width:0px;}.kadence-column_6a75fc-06 > .kt-inside-inner-col,.kadence-column_6a75fc-06 > .kt-inside-inner-col:before{border-top-left-radius:0px;border-top-right-radius:0px;border-bottom-right-radius:0px;border-bottom-left-radius:0px;}.kadence-column_6a75fc-06 > .kt-inside-inner-col:before{opacity:0.3;}.kadence-column_6a75fc-06{position:relative;}<\/style>\n<div class=\"wp-block-kadence-column inner-column-1 kadence-column_6a75fc-06\"><div class=\"kt-inside-inner-col\">\n<figure class=\"wp-block-image size-full\"><img loading=\"lazy\" decoding=\"async\" width=\"542\" height=\"700\" src=\"https:\/\/www.glas-max.ch\/cms\/wp-content\/uploads\/2022\/11\/1_karl_rusterholz_1875-.jpg\" alt=\"\" class=\"wp-image-43\" srcset=\"https:\/\/www.glas-max.ch\/cms\/wp-content\/uploads\/2022\/11\/1_karl_rusterholz_1875-.jpg 542w, https:\/\/www.glas-max.ch\/cms\/wp-content\/uploads\/2022\/11\/1_karl_rusterholz_1875--232x300.jpg 232w\" sizes=\"auto, (max-width: 542px) 100vw, 542px\" \/><\/figure>\n\n\n\n<p><em>Karl Rusterholz, geb. 1875, der die Schreinerei an der Kreuzstrasse im Jahr 1900 gr\u00fcndete.<\/em><\/p>\n\n\n\n<div class=\"wp-block-columns is-layout-flex wp-container-core-columns-is-layout-9d6595d7 wp-block-columns-is-layout-flex\">\n<div class=\"wp-block-column is-layout-flow wp-block-column-is-layout-flow\" style=\"flex-basis:100%\"><style>.wp-block-kadence-spacer.kt-block-spacer-_1401f1-ca .kt-block-spacer{height:50px;}.wp-block-kadence-spacer.kt-block-spacer-_1401f1-ca .kt-divider{border-top-width:1px;height:1px;border-top-color:#eee;width:80%;border-top-style:solid;}<\/style>\n<div class=\"wp-block-kadence-spacer aligncenter kt-block-spacer-_1401f1-ca\"><div class=\"kt-block-spacer kt-block-spacer-halign-center\"><\/div><\/div>\n<\/div>\n<\/div>\n\n\n\n<figure class=\"wp-block-image size-full\"><img loading=\"lazy\" decoding=\"async\" width=\"319\" height=\"500\" src=\"https:\/\/www.glas-max.ch\/cms\/wp-content\/uploads\/2022\/11\/2_-glas_max_enkel.jpg\" alt=\"\" class=\"wp-image-53\" srcset=\"https:\/\/www.glas-max.ch\/cms\/wp-content\/uploads\/2022\/11\/2_-glas_max_enkel.jpg 319w, https:\/\/www.glas-max.ch\/cms\/wp-content\/uploads\/2022\/11\/2_-glas_max_enkel-191x300.jpg 191w\" sizes=\"auto, (max-width: 319px) 100vw, 319px\" \/><\/figure>\n\n\n\n<p><em>Nach 100 Jahren: &#8220;Glas Max&#8221; Max Rusterholz, der Enkel des Gr\u00fcnders, in seiner Werkstatt an der Seestrasse 151.<\/em><\/p>\n<\/div><\/div>\n<\/div><\/div><\/div>\n<\/div><\/div>\n<\/div><\/div><\/div>\n<\/div>\n<\/div><\/div>\n","protected":false},"excerpt":{"rendered":"","protected":false},"author":1,"featured_media":0,"parent":0,"menu_order":0,"comment_status":"closed","ping_status":"closed","template":"","meta":{"neve_meta_sidebar":"","neve_meta_container":"","neve_meta_enable_content_width":"","neve_meta_content_width":0,"neve_meta_title_alignment":"","neve_meta_author_avatar":"","neve_post_elements_order":"","neve_meta_disable_header":"","neve_meta_disable_footer":"","neve_meta_disable_title":"","_themeisle_gutenberg_block_has_review":false,"_ti_tpc_template_sync":false,"_ti_tpc_template_id":"","footnotes":""},"class_list":["post-50","page","type-page","status-publish","hentry"],"yoast_head":"<!-- This site is optimized with the Yoast SEO plugin v20.5 - https:\/\/yoast.com\/wordpress\/plugins\/seo\/ -->\n<title>\u00dcber uns - GlasMax<\/title>\n<meta name=\"robots\" content=\"index, follow, max-snippet:-1, max-image-preview:large, max-video-preview:-1\" \/>\n<link rel=\"canonical\" href=\"https:\/\/www.glas-max.ch\/cms\/ueberuns\/\" \/>\n<meta property=\"og:locale\" content=\"de_DE\" \/>\n<meta property=\"og:type\" content=\"article\" \/>\n<meta property=\"og:title\" content=\"\u00dcber uns - GlasMax\" \/>\n<meta property=\"og:url\" content=\"https:\/\/www.glas-max.ch\/cms\/ueberuns\/\" \/>\n<meta property=\"og:site_name\" content=\"GlasMax\" \/>\n<meta property=\"article:modified_time\" content=\"2022-12-06T12:28:31+00:00\" \/>\n<meta property=\"og:image\" content=\"https:\/\/www.glas-max.ch\/cms\/wp-content\/uploads\/2022\/11\/3_-max_rusterholz_mit_familie.jpg\" \/>\n<meta name=\"twitter:card\" content=\"summary_large_image\" \/>\n<meta name=\"twitter:label1\" content=\"Gesch\u00e4tzte Lesezeit\" \/>\n\t<meta name=\"twitter:data1\" content=\"5\u00a0Minuten\" \/>\n<script type=\"application\/ld+json\" class=\"yoast-schema-graph\">{\"@context\":\"https:\/\/schema.org\",\"@graph\":[{\"@type\":\"WebPage\",\"@id\":\"https:\/\/www.glas-max.ch\/cms\/ueberuns\/\",\"url\":\"https:\/\/www.glas-max.ch\/cms\/ueberuns\/\",\"name\":\"\u00dcber uns - GlasMax\",\"isPartOf\":{\"@id\":\"https:\/\/www.glas-max.ch\/cms\/#website\"},\"datePublished\":\"2022-11-24T14:42:09+00:00\",\"dateModified\":\"2022-12-06T12:28:31+00:00\",\"breadcrumb\":{\"@id\":\"https:\/\/www.glas-max.ch\/cms\/ueberuns\/#breadcrumb\"},\"inLanguage\":\"de-CH\",\"potentialAction\":[{\"@type\":\"ReadAction\",\"target\":[\"https:\/\/www.glas-max.ch\/cms\/ueberuns\/\"]}]},{\"@type\":\"BreadcrumbList\",\"@id\":\"https:\/\/www.glas-max.ch\/cms\/ueberuns\/#breadcrumb\",\"itemListElement\":[{\"@type\":\"ListItem\",\"position\":1,\"name\":\"Home\",\"item\":\"https:\/\/www.glas-max.ch\/cms\/\"},{\"@type\":\"ListItem\",\"position\":2,\"name\":\"\u00dcber uns\"}]},{\"@type\":\"WebSite\",\"@id\":\"https:\/\/www.glas-max.ch\/cms\/#website\",\"url\":\"https:\/\/www.glas-max.ch\/cms\/\",\"name\":\"GlasMax\",\"description\":\"\",\"potentialAction\":[{\"@type\":\"SearchAction\",\"target\":{\"@type\":\"EntryPoint\",\"urlTemplate\":\"https:\/\/www.glas-max.ch\/cms\/?s={search_term_string}\"},\"query-input\":\"required name=search_term_string\"}],\"inLanguage\":\"de-CH\"}]}<\/script>\n<!-- \/ Yoast SEO plugin. -->","yoast_head_json":{"title":"\u00dcber uns - GlasMax","robots":{"index":"index","follow":"follow","max-snippet":"max-snippet:-1","max-image-preview":"max-image-preview:large","max-video-preview":"max-video-preview:-1"},"canonical":"https:\/\/www.glas-max.ch\/cms\/ueberuns\/","og_locale":"de_DE","og_type":"article","og_title":"\u00dcber uns - GlasMax","og_url":"https:\/\/www.glas-max.ch\/cms\/ueberuns\/","og_site_name":"GlasMax","article_modified_time":"2022-12-06T12:28:31+00:00","og_image":[{"url":"https:\/\/www.glas-max.ch\/cms\/wp-content\/uploads\/2022\/11\/3_-max_rusterholz_mit_familie.jpg"}],"twitter_card":"summary_large_image","twitter_misc":{"Gesch\u00e4tzte Lesezeit":"5\u00a0Minuten"},"schema":{"@context":"https:\/\/schema.org","@graph":[{"@type":"WebPage","@id":"https:\/\/www.glas-max.ch\/cms\/ueberuns\/","url":"https:\/\/www.glas-max.ch\/cms\/ueberuns\/","name":"\u00dcber uns - GlasMax","isPartOf":{"@id":"https:\/\/www.glas-max.ch\/cms\/#website"},"datePublished":"2022-11-24T14:42:09+00:00","dateModified":"2022-12-06T12:28:31+00:00","breadcrumb":{"@id":"https:\/\/www.glas-max.ch\/cms\/ueberuns\/#breadcrumb"},"inLanguage":"de-CH","potentialAction":[{"@type":"ReadAction","target":["https:\/\/www.glas-max.ch\/cms\/ueberuns\/"]}]},{"@type":"BreadcrumbList","@id":"https:\/\/www.glas-max.ch\/cms\/ueberuns\/#breadcrumb","itemListElement":[{"@type":"ListItem","position":1,"name":"Home","item":"https:\/\/www.glas-max.ch\/cms\/"},{"@type":"ListItem","position":2,"name":"\u00dcber uns"}]},{"@type":"WebSite","@id":"https:\/\/www.glas-max.ch\/cms\/#website","url":"https:\/\/www.glas-max.ch\/cms\/","name":"GlasMax","description":"","potentialAction":[{"@type":"SearchAction","target":{"@type":"EntryPoint","urlTemplate":"https:\/\/www.glas-max.ch\/cms\/?s={search_term_string}"},"query-input":"required name=search_term_string"}],"inLanguage":"de-CH"}]}},"_links":{"self":[{"href":"https:\/\/www.glas-max.ch\/cms\/wp-json\/wp\/v2\/pages\/50","targetHints":{"allow":["GET"]}}],"collection":[{"href":"https:\/\/www.glas-max.ch\/cms\/wp-json\/wp\/v2\/pages"}],"about":[{"href":"https:\/\/www.glas-max.ch\/cms\/wp-json\/wp\/v2\/types\/page"}],"author":[{"embeddable":true,"href":"https:\/\/www.glas-max.ch\/cms\/wp-json\/wp\/v2\/users\/1"}],"replies":[{"embeddable":true,"href":"https:\/\/www.glas-max.ch\/cms\/wp-json\/wp\/v2\/comments?post=50"}],"version-history":[{"count":11,"href":"https:\/\/www.glas-max.ch\/cms\/wp-json\/wp\/v2\/pages\/50\/revisions"}],"predecessor-version":[{"id":130,"href":"https:\/\/www.glas-max.ch\/cms\/wp-json\/wp\/v2\/pages\/50\/revisions\/130"}],"wp:attachment":[{"href":"https:\/\/www.glas-max.ch\/cms\/wp-json\/wp\/v2\/media?parent=50"}],"curies":[{"name":"wp","href":"https:\/\/api.w.org\/{rel}","templated":true}]}}